{"id":840,"date":"2021-05-24T09:28:07","date_gmt":"2021-05-24T08:28:07","guid":{"rendered":"https:\/\/allonsi.fr\/?page_id=840"},"modified":"2021-05-24T11:11:25","modified_gmt":"2021-05-24T10:11:25","slug":"saone-et-loire","status":"publish","type":"page","link":"https:\/\/allonsi.fr\/en\/saone-et-loire","title":{"rendered":"Sa\u00f4ne-et-Loire"},"content":{"rendered":"<a class=\"homelink\" href=\"javascript:history.back()\"><!--?php esc_html_e( 'Go Back', 'directorist'); ?--> <i class=\"arrow left\"><\/i> Return to the previous page <\/a>\n\n\n\n<div style=\"height:20px\" aria-hidden=\"true\" class=\"wp-block-spacer\"><\/div>\n\n\n\n<p class=\"has-text-align-center has-medium-font-size\">Click the&nbsp;<em>i<\/em>&nbsp;on a town in the map.<\/p>\n\n\n\n<p class=\"has-text-align-center has-medium-font-size\">Or use the search boxes below.<\/p>\n\n\n\n<div class=\"wp-block-image style-svg\"><figure class=\"aligncenter size-large is-resized\"><img loading=\"lazy\" decoding=\"async\" src=\"https:\/\/allonsi.fr\/wp-content\/uploads\/2021\/05\/saone-et-loire-nt.svg\" alt=\"\" class=\"wp-image-841\" width=\"188\" height=\"150\"\/><\/figure><\/div>\n\n\n\n<p class=\"has-medium-font-size\">Search for communities, businesses or local information<\/p>\n\n\n\n<div class=\"directorist-search-contents\" data-atts='{&quot;show_title_subtitle&quot;:&quot;yes&quot;,&quot;search_bar_title&quot;:&quot;&quot;,&quot;search_bar_sub_title&quot;:&quot;&quot;,&quot;search_button&quot;:&quot;yes&quot;,&quot;search_button_text&quot;:&quot;Rechercher&quot;,&quot;more_filters_button&quot;:&quot;yes&quot;,&quot;more_filters_text&quot;:&quot;Plus de filtres&quot;,&quot;reset_filters_button&quot;:&quot;yes&quot;,&quot;apply_filters_button&quot;:&quot;yes&quot;,&quot;reset_filters_text&quot;:&quot;R\\u00e9initialiser les filtres&quot;,&quot;apply_filters_text&quot;:&quot;Appliquer des filtres&quot;,&quot;logged_in_user_only&quot;:&quot;&quot;,&quot;redirect_page_url&quot;:&quot;&quot;,&quot;more_filters_display&quot;:&quot;sliding&quot;,&quot;directory_type&quot;:&quot;&quot;,&quot;default_directory_type&quot;:&quot;&quot;,&quot;show_popular_category&quot;:&quot;&quot;}' style=\"\">\n\n\t<div class=\"directorist-container-fluid\">\n\n\t\t\n\t\t\n\t\t<form action=\"https:\/\/allonsi.fr\/en\/search-result\" class=\"directorist-search-form\" data-atts=\"{&quot;show_title_subtitle&quot;:&quot;yes&quot;,&quot;search_bar_title&quot;:&quot;&quot;,&quot;search_bar_sub_title&quot;:&quot;&quot;,&quot;search_button&quot;:&quot;yes&quot;,&quot;search_button_text&quot;:&quot;Rechercher&quot;,&quot;more_filters_button&quot;:&quot;yes&quot;,&quot;more_filters_text&quot;:&quot;Plus de filtres&quot;,&quot;reset_filters_button&quot;:&quot;yes&quot;,&quot;apply_filters_button&quot;:&quot;yes&quot;,&quot;reset_filters_text&quot;:&quot;R\\u00e9initialiser les filtres&quot;,&quot;apply_filters_text&quot;:&quot;Appliquer des filtres&quot;,&quot;logged_in_user_only&quot;:&quot;&quot;,&quot;redirect_page_url&quot;:&quot;&quot;,&quot;more_filters_display&quot;:&quot;sliding&quot;,&quot;directory_type&quot;:&quot;&quot;,&quot;default_directory_type&quot;:&quot;&quot;,&quot;show_popular_category&quot;:&quot;&quot;}\" data-trp-original-action=\"https:\/\/allonsi.fr\/en\/search-result\">\n\n\t\t\t<div class=\"directorist-search-form-wrap directorist-with-search-border\">\n\n\t\t\t\t\n\t\t\t\t<input type=\"hidden\" name=\"directory_type\" class=\"listing_type\" value=\"general\">\n\n\t\t\t\t<div class=\"directorist-search-form-box-wrap\">\n\n\t\t\t\t\t\n<div class=\"directorist-search-form-box\">\n\n\t<div class=\"directorist-search-form-top directorist-flex directorist-align-center directorist-search-form-inline\">\n\n\t\t\n<div class=\"directorist-search-field directorist-form-group directorist-search-query\">\n\t<input class=\"directorist-form-element\" type=\"text\" name=\"q\" value=\"\" placeholder=\"What are you looking for?\" >\n<\/div><div class=\"directorist-search-field\">\n\t<div class=\"directorist-select directorist-search-category\">\n\t\t<select name=\"in_cat\" class=\"search_fields directorist-category-select\" data-placeholder=\"Cat\u00e9gorie\"  data-issearch=\"true\" data-selected-id=\"\" data-selected-label=\"\">\n\t\t\t<option value=\"\">Select Category<\/option><option data-custom-field=\"\" value=\"53\">Charity<option data-custom-field=\"\" value=\"54\">&nbsp;&nbsp;&nbsp;Animal<\/option><\/option><option data-custom-field=\"\" value=\"66\">Commercial<option data-custom-field=\"\" value=\"62\">&nbsp;&nbsp;&nbsp;Boucherie<\/option><option data-custom-field=\"\" value=\"55\">&nbsp;&nbsp;&nbsp;Boulangerie<\/option><option data-custom-field=\"\" value=\"41\">&nbsp;&nbsp;&nbsp;Markets<\/option><\/option><option data-custom-field=\"\" value=\"8\">Community<option data-custom-field=\"\" value=\"40\">&nbsp;&nbsp;&nbsp;Brocante<\/option><option data-custom-field=\"\" value=\"39\">&nbsp;&nbsp;&nbsp;F\u00eate<\/option><\/option><option data-custom-field=\"\" value=\"7\">Businesses<option data-custom-field=\"\" value=\"52\">&nbsp;&nbsp;&nbsp;Bar<\/option><option data-custom-field=\"\" value=\"13\">&nbsp;&nbsp;&nbsp;Website designers<\/option><option data-custom-field=\"\" value=\"64\">&nbsp;&nbsp;&nbsp;Pharmacie<\/option><option data-custom-field=\"\" value=\"14\">&nbsp;&nbsp;&nbsp;Advertising agencies<\/option><option data-custom-field=\"\" value=\"51\">&nbsp;&nbsp;&nbsp;Restaurant<\/option><option data-custom-field=\"\" value=\"50\">&nbsp;&nbsp;&nbsp;Restauration Mobile<\/option><option data-custom-field=\"\" value=\"49\">&nbsp;&nbsp;&nbsp;V\u00e9t\u00e9rinaire<\/option><\/option><option data-custom-field=\"\" value=\"67\">Sportif<\/option><option data-custom-field=\"\" value=\"9\">Tourism<option data-custom-field=\"\" value=\"11\">&nbsp;&nbsp;&nbsp;Attractions<\/option><option data-custom-field=\"\" value=\"63\">&nbsp;&nbsp;&nbsp;Camping<\/option><option data-custom-field=\"\" value=\"65\">&nbsp;&nbsp;&nbsp;H\u00f4tel<\/option><option data-custom-field=\"\" value=\"12\">&nbsp;&nbsp;&nbsp;Museums<\/option><option data-custom-field=\"\" value=\"10\">&nbsp;&nbsp;&nbsp;Historic sites<\/option><\/option>\t\t<\/select>\n\n\t<\/div>\n<\/div>\n\t<div class=\"directorist-search-field directorist-form-group directorist-icon-left\">\n\t\t<span class=\"directorist-input-icon directorist-filter-location-icon\"><i class=\"directorist-icon-mask\" aria-hidden=\"true\" style=\"--directorist-icon: url(https:\/\/allonsi.fr\/wp-content\/plugins\/directorist\/assets\/icons\/line-awesome\/svgs\/crosshairs-solid.svg)\"><\/i><\/span>\n\t\t<input type=\"text\" name=\"address\" id=\"addressId\" value=\"\" placeholder=\"Location\" autocomplete=\"off\" class=\"directorist-form-element directorist-location-js location-name\" >\n\n\t\t<div class=\"address_result location-names\" style=\"display: none\"><\/div>\n\t\t<input type=\"hidden\" id=\"cityLat\" name=\"cityLat\" value=\"\" \/>\n\t\t<input type=\"hidden\" id=\"cityLng\" name=\"cityLng\" value=\"\" \/>\n\t<\/div>\n\n\t\n<div class=\"directorist-search-form-action\">\n\n\t\n\t\t<div class=\"directorist-search-form-action__filter\">\n\t\t\t<a href=\"#\" class=\"directorist-btn directorist-btn-lg directorist-filter-btn\">\n\n\t\t\t\t\t\t\t\t\t<i class=\"directorist-icon-mask\" aria-hidden=\"true\" style=\"--directorist-icon: url(https:\/\/allonsi.fr\/wp-content\/plugins\/directorist\/assets\/icons\/line-awesome\/svgs\/filter-solid.svg)\"><\/i>\t\t\t\t\n\t\t\t\tMore filters\t\t\t<\/a>\n\t\t<\/div>\n\n\t\n\t\n\t\t<div class=\"directorist-search-form-action__submit\">\n\t\t\t<button type=\"submit\" class=\"directorist-btn directorist-btn-lg directorist-btn-dark directorist-btn-search\">\n\n\t\t\t\t\t\t\t\t\t<i class=\"directorist-icon-mask\" aria-hidden=\"true\" style=\"--directorist-icon: url(https:\/\/allonsi.fr\/wp-content\/plugins\/directorist\/assets\/icons\/line-awesome\/svgs\/search-solid.svg)\"><\/i>\t\t\t\t\n\t\t\t\tSearch\n\t\t\t<\/button>\n\t\t<\/div>\n\n\t\n<\/div>\n\t<\/div>\n\n\t\t\t\t<div class=\"directorist-search-slide\">\n\t\t\t\t\n<div class=\"directorist-search-adv-filter directorist-advanced-filter\">\n\n\t\n\t\t\n\t\t\t<div class=\"directorist-form-group directorist-advanced-filter__advanced--element direcorist-search-field-radius_search\">\n<div class=\"directorist-search-field\">\n\n\t\t\t<label>Search distance<\/label>\n\t\n\t<div class=\"directorist-range-slider-wrap\">\n\t\t<div class=\"directorist-range-slider\" data-default-radius=\"15\" data-slider-unit=\"Kilometers\"><\/div>\n\t\t<p class=\"directorist-range-slider-current-value\"><\/p>\n\t\t<input type=\"hidden\" class=\"directorist-range-slider-value\" name=\"miles\" value=\"15\" \/>\n\t<\/div>\n\n<\/div><\/div>\n\n\t\t\n\t\n\t\t\n\t\t\t<div class=\"directorist-form-group directorist-advanced-filter__advanced--element direcorist-search-field-zip\">\n<div class=\"directorist-search-field\">\n\n\t\t\t<label>Post code<\/label>\n\t\n\t<div class=\"directorist-form-group directorist-zipcode-search\">\n\t\t<input class=\"directorist-form-element\" type=\"text\" name=\"zip\" value=\"\" autocomplete=\"off\" placeholder=\"Post code\" >\n\n\t\t<div class=\"directorist-country directorist-search-country\" style=\"display: none\"><\/div>\n\t\t<input type=\"hidden\" class=\"zip-cityLat\" name=\"zip-cityLat\" value=\"\" \/>\n\t\t<input type=\"hidden\" class=\"zip-cityLng\" name=\"zip-cityLng\" value=\"\" \/>\n\t<\/div>\n\t\n<\/div><\/div>\n\n\t\t\n\t\n\t\n<div class=\"directorist-advanced-filter__action directorist-flex directorist-justify-content-end\">\n\n\t\t\t<a href=\"#\" class=\"directorist-btn directorist-btn-sm directorist-btn-outline-dark directorist-btn-reset-js\">Reset filters<\/a>\n\t\n\t\t\t<button type=\"submit\" class=\"directorist-btn directorist-btn-sm directorist-btn-dark\">Apply filters<\/button>\n\t\n<\/div>\n<\/div>\t\t\t<\/div>\n\t\t\t\n<\/div>\n\t\t\t\t<\/div>\n\n\t\t\t<\/div>\n\n\t\t<input type=\"hidden\" name=\"trp-form-language\" value=\"en\"\/><\/form>\n\n\t\t\n\t\t\n\t<\/div>\n\n<\/div>\n\n\n\n<div class=\"wp-block-image style-svg\"><figure class=\"aligncenter size-large is-resized\"><img loading=\"lazy\" decoding=\"async\" src=\"https:\/\/allonsi.fr\/wp-content\/uploads\/2021\/03\/allonsi_logo_link.svg\" alt=\"\" class=\"wp-image-187\" width=\"300\" height=\"87\"\/><\/figure><\/div>","protected":false},"excerpt":{"rendered":"<p>Retourner \u00e0 la page pr\u00e9c\u00e9dente Cliquez le&nbsp;i&nbsp;sur une ville sur la carte. Ou utilisez les cases de recherche ci-dessous. Rechercher des communaut\u00e9s, des entreprises ou des informations locales<\/p>","protected":false},"author":1,"featured_media":0,"parent":0,"menu_order":0,"comment_status":"closed","ping_status":"closed","template":"","meta":{"inline_featured_image":false,"footnotes":""},"class_list":["post-840","page","type-page","status-publish","hentry"],"_links":{"self":[{"href":"https:\/\/allonsi.fr\/en\/wp-json\/wp\/v2\/pages\/840","targetHints":{"allow":["GET"]}}],"collection":[{"href":"https:\/\/allonsi.fr\/en\/wp-json\/wp\/v2\/pages"}],"about":[{"href":"https:\/\/allonsi.fr\/en\/wp-json\/wp\/v2\/types\/page"}],"author":[{"embeddable":true,"href":"https:\/\/allonsi.fr\/en\/wp-json\/wp\/v2\/users\/1"}],"replies":[{"embeddable":true,"href":"https:\/\/allonsi.fr\/en\/wp-json\/wp\/v2\/comments?post=840"}],"version-history":[{"count":2,"href":"https:\/\/allonsi.fr\/en\/wp-json\/wp\/v2\/pages\/840\/revisions"}],"predecessor-version":[{"id":908,"href":"https:\/\/allonsi.fr\/en\/wp-json\/wp\/v2\/pages\/840\/revisions\/908"}],"wp:attachment":[{"href":"https:\/\/allonsi.fr\/en\/wp-json\/wp\/v2\/media?parent=840"}],"curies":[{"name":"wp","href":"https:\/\/api.w.org\/{rel}","templated":true}]}}